{"id":118,"date":"2023-05-03T23:06:27","date_gmt":"2023-05-03T21:06:27","guid":{"rendered":"https:\/\/jakpracowacbyniezalowac.pl\/?page_id=118"},"modified":"2024-08-12T15:57:29","modified_gmt":"2024-08-12T13:57:29","slug":"jak-pisac-spoko-cv","status":"publish","type":"page","link":"https:\/\/rocketjobs.pl\/jakpracowacbyniezalowac\/jak-pisac-spoko-cv","title":{"rendered":"Jak pisa\u0107 spoko CV"},"content":{"rendered":"<section class=\"bde-section-118-138 bde-section\">\n  \n  \n\t\n\n\n\n<div class=\"section-container\"><div class=\"bde-fancy-container-118-139 bde-fancy-container\">\n  \n  \n\t\n\n\n\n<div class=\"bde-div-118-140 bde-div\">\n  \n  \n\t\n\n\n\n<div class=\"bde-button-118-141 bde-button\">\n        \n    \n    \n    \n    \n            \n                    \n            \n            \n\n    \n    \n    \n    \n    \n    <a class=\"breakdance-link button-atom button-atom--custom bde-button__button\" href=\"https:\/\/rocketjobs.pl\/jakpracowacbyniezalowac\/\" target=\"_self\" data-type=\"url\"  >\n\n    \n        <span class=\"button-atom__text\"> <\/span>\n\n                            \n        \n                <\/a>\n\n    \n\n\n<\/div><div class=\"bde-button-118-142 bde-button\">\n        \n    \n    \n    \n    \n            \n                    \n            \n            \n\n    \n    \n    \n    \n    \n    <a class=\"breakdance-link button-atom button-atom--custom bde-button__button\" href=\"https:\/\/rocketjobs.pl\/jakpracowacbyniezalowac\/\" target=\"_self\" data-type=\"url\"  >\n\n    \n        <span class=\"button-atom__text\"> <\/span>\n\n                            \n        \n                <\/a>\n\n    \n\n\n<\/div>\n<\/div><h1 class=\"bde-heading-118-143 bde-heading\">\nJak pisa\u0107 spoko CV\n<\/h1>\n<\/div><\/div>\n<\/section><section class=\"bde-section-118-109 bde-section\">\n  \n  \n\t\n\n\n\n<div class=\"section-container\"><h2 class=\"bde-heading-118-110 bde-heading\">\nRekruterzy(-rki) otrzymuj\u0105 dziennie kilkadziesi\u0105t aplikacji. Tym bardziej Twoje CV ju\u017c w momencie otwarcia powinno przyku\u0107 uwag\u0119 swoim wygl\u0105dem, uk\u0142adem i wyr\u00f3\u017cnionymi informacjami.\n<\/h2><\/div>\n<\/section><section class=\"bde-section-118-144 bde-section\">\n              \n  \n  \n\t    \n      <div class=\"section-background-video\">\n              <video\n          autoplay\n          muted\n                      playsinline\n                                loop\n                          >\n        <source src=\"https:\/\/rocketjobs.pl\/jakpracowacbyniezalowac\/wp-content\/uploads\/2023\/05\/RJ002.mp4\" type=\"video\/mp4\" \/>\n      <\/video>\n      <\/div>\n\n\n\n\n<div class=\"section-container\"><div class=\"bde-div-118-145 bde-div\">\n  \n  \n\t\n\n\n\n<h4 class=\"bde-heading-118-147 bde-heading\">\nPos\u0142uchaj\n<\/h4>\n<\/div><div class=\"bde-fancy-container-118-148 bde-fancy-container\">\n  \n  \n\t\n\n\n\n\n<\/div><div class=\"bde-div-118-149 bde-div\">\n  \n  \n\t\n\n\n\n<h3 class=\"bde-heading-118-150 bde-heading\">\nJak zaprojektowa\u0107 sw\u00f3j \u017cyciorys, \u017ceby przetrwa\u0142 przesiew dzia\u0142u HR?\n<\/h3><div class=\"bde-button-118-151 bde-button\">\n        \n    \n    \n    \n    \n            \n                    \n                  \n    \n            \n\n          \n          \n    \n    \n    \n    \n    <a class=\"breakdance-link button-atom button-atom--custom bde-button__button\" href=\"#\" target=\"_self\" data-type=\"lightbox\"  data-lightbox-id=\"118-151\" >\n\n    \n        <span class=\"button-atom__text\"> <\/span>\n\n                            \n        \n                <\/a>\n\n    \n\n\n<\/div>\n<\/div><\/div>\n<\/section>","protected":false},"excerpt":{"rendered":"<p>Jak pisa\u0107 spoko CV Rekruterzy(-rki) otrzymuj\u0105 dziennie kilkadziesi\u0105t aplikacji. Tym bardziej Twoje CV ju\u017c w momencie otwarcia powinno przyku\u0107 uwag\u0119 swoim wygl\u0105dem, uk\u0142adem i wyr\u00f3\u017cnionymi informacjami. Pos\u0142uchaj Jak zaprojektowa\u0107 sw\u00f3j \u017cyciorys, \u017ceby przetrwa\u0142 przesiew dzia\u0142u HR?<\/p>\n","protected":false},"author":2,"featured_media":0,"parent":0,"menu_order":0,"comment_status":"closed","ping_status":"closed","template":"","meta":{"_breakdance_hide_in_design_set":false,"_breakdance_tags":"","footnotes":""},"class_list":["post-118","page","type-page","status-publish","hentry"],"_links":{"self":[{"href":"https:\/\/rocketjobs.pl\/jakpracowacbyniezalowac\/wp-json\/wp\/v2\/pages\/118","targetHints":{"allow":["GET"]}}],"collection":[{"href":"https:\/\/rocketjobs.pl\/jakpracowacbyniezalowac\/wp-json\/wp\/v2\/pages"}],"about":[{"href":"https:\/\/rocketjobs.pl\/jakpracowacbyniezalowac\/wp-json\/wp\/v2\/types\/page"}],"author":[{"embeddable":true,"href":"https:\/\/rocketjobs.pl\/jakpracowacbyniezalowac\/wp-json\/wp\/v2\/users\/2"}],"replies":[{"embeddable":true,"href":"https:\/\/rocketjobs.pl\/jakpracowacbyniezalowac\/wp-json\/wp\/v2\/comments?post=118"}],"version-history":[{"count":10,"href":"https:\/\/rocketjobs.pl\/jakpracowacbyniezalowac\/wp-json\/wp\/v2\/pages\/118\/revisions"}],"predecessor-version":[{"id":3531,"href":"https:\/\/rocketjobs.pl\/jakpracowacbyniezalowac\/wp-json\/wp\/v2\/pages\/118\/revisions\/3531"}],"wp:attachment":[{"href":"https:\/\/rocketjobs.pl\/jakpracowacbyniezalowac\/wp-json\/wp\/v2\/media?parent=118"}],"curies":[{"name":"wp","href":"https:\/\/api.w.org\/{rel}","templated":true}]}}