{"id":192,"date":"2023-05-04T01:17:57","date_gmt":"2023-05-03T23:17:57","guid":{"rendered":"https:\/\/jakpracowacbyniezalowac.pl\/?page_id=192"},"modified":"2024-10-10T15:50:21","modified_gmt":"2024-10-10T13:50:21","slug":"jak-znalezc-dodatkowe-zrodlo-dochodu","status":"publish","type":"page","link":"https:\/\/rocketjobs.pl\/jakpracowacbyniezalowac\/jak-znalezc-dodatkowe-zrodlo-dochodu","title":{"rendered":"Jak znale\u017a\u0107 dodatkowe \u017ar\u00f3d\u0142o dochodu?"},"content":{"rendered":"<section class=\"bde-section-192-127 bde-section\">\n  \n  \n\t\n\n\n\n<div class=\"section-container\"><div class=\"bde-fancy-container-192-128 bde-fancy-container\">\n  \n  \n\t\n\n\n\n<div class=\"bde-div-192-129 bde-div\">\n  \n  \n\t\n\n\n\n<div class=\"bde-button-192-130 bde-button\">\n        \n    \n    \n    \n    \n            \n                    \n            \n            \n\n    \n    \n    \n    \n    \n    <a class=\"breakdance-link button-atom button-atom--custom bde-button__button\" href=\"https:\/\/rocketjobs.pl\/jakpracowacbyniezalowac\/\" target=\"_self\" data-type=\"url\"  >\n\n    \n        <span class=\"button-atom__text\"> <\/span>\n\n                            \n        \n                <\/a>\n\n    \n\n\n<\/div><div class=\"bde-button-192-131 bde-button\">\n        \n    \n    \n    \n    \n            \n                    \n            \n            \n\n    \n    \n    \n    \n    \n    <a class=\"breakdance-link button-atom button-atom--custom bde-button__button\" href=\"https:\/\/rocketjobs.pl\/jakpracowacbyniezalowac\/\" target=\"_self\" data-type=\"url\"  >\n\n    \n        <span class=\"button-atom__text\"> <\/span>\n\n                            \n        \n                <\/a>\n\n    \n\n\n<\/div>\n<\/div><h1 class=\"bde-heading-192-132 bde-heading\">\nJak znale\u017a\u0107 dodatkowe \u017ar\u00f3d\u0142o dochodu?\n<\/h1>\n<\/div><\/div>\n<\/section><section class=\"bde-section-192-133 bde-section\">\n  \n  \n\t\n\n\n\n<div class=\"section-container\"><div class=\"bde-columns-192-134 bde-columns\"><div class=\"bde-column-192-135 bde-column\">\n  \n  \n\t\n\n\n\n<div class=\"bde-div-192-136 bde-div\">\n  \n  \n\t\n\n\n\n<h1 class=\"bde-heading-192-137 bde-heading\">\nWszystko, co warto wiedzie\u0107 o \u015bwiecie finans\u00f3w i zarabianiu, a czego nie ucz\u0105 w szkole i na studiach.\n<\/h1><div class=\"bde-text-192-138 bde-text\">\nPos\u0142uchaj Doroty Sierakowskiej \u2013 finansistki, przedsi\u0119biorczyni i za\u0142o\u017cycielki spo\u0142eczno\u015bci Girls Money Club, kt\u00f3ra radzi, jak zarz\u0105dza\u0107 swoim bud\u017cetem, \u017ceby unikn\u0105\u0107 \u017cycia od pierwszego do pierwszego. \n<\/div>\n<\/div><div class=\"bde-button-192-139 bde-button\">\n        \n    \n    \n    \n    \n            \n                    \n                  \n    \n            \n\n          \n          \n    \n    \n    \n    \n    <a class=\"breakdance-link button-atom button-atom--custom bde-button__button\" href=\"https:\/\/www.youtube.com\/embed\/6BInQQwzFBQ?feature=oembed\" target=\"_self\" data-type=\"lightbox\" data-lightbox-id=\"192-139\" rel=\"noopener\">\n\n    \n        <span class=\"button-atom__text\"> <\/span>\n\n                            \n        \n                <\/a>\n\n    \n\n\n<\/div>\n<\/div><div class=\"bde-column-192-140 bde-column\">\n  \n  \n\t\n\n\n\n<a class=\"bde-container-link-192-154 bde-container-link breakdance-link\" href=\"https:\/\/www.youtube.com\/embed\/6BInQQwzFBQ?feature=oembed\" target=\"_self\" data-lightbox-id=\"192-140\" data-type=\"lightbox\" rel=\"noopener\">\n  \n  \n\t\n\n\n\n<div class=\"bde-fancy-container-192-155 bde-fancy-container\">\n  \n  \n\t\n\n\n\n\n<\/div>\n\n<\/a>\n<\/div><\/div><\/div>\n<\/section><section class=\"bde-section-192-142 bde-section\">\n  \n  \n\t\n\n\n\n<div class=\"section-container\"><div class=\"bde-columns-192-143 bde-columns\"><div class=\"bde-column-192-144 bde-column\">\n  \n  \n\t\n\n\n\n<div class=\"bde-div-192-145 bde-div\">\n  \n  \n\t\n\n\n\n<h1 class=\"bde-heading-192-146 bde-heading\">\nPoprzednie wideo\n<\/h1><h1 class=\"bde-heading-192-147 bde-heading\">\nJak rozplanowa\u0107 wydatki tu\u017c po wyp\u0142acie?\n<\/h1>\n<\/div><div class=\"bde-button-192-148 bde-button\">\n        \n    \n    \n    \n    \n            \n                    \n            \n            \n\n    \n    \n    \n    \n    \n    <a class=\"breakdance-link button-atom button-atom--custom bde-button__button\" href=\"\/jakpracowacbyniezalowac\/jak-rozplanowac-wydatki-tuz-po-wyplacie\/\" target=\"_self\" data-type=\"url\"  >\n\n    \n        <span class=\"button-atom__text\"> <\/span>\n\n                            \n        \n                <\/a>\n\n    \n\n\n<\/div>\n<\/div><div class=\"bde-column-192-149 bde-column\">\n  \n  \n\t\n\n\n\n<div class=\"bde-div-192-150 bde-div\">\n  \n  \n\t\n\n\n\n<h1 class=\"bde-heading-192-151 bde-heading\">\nNast\u0119pne wideo\n<\/h1><h1 class=\"bde-heading-192-152 bde-heading\">\nJak negocjowa\u0107 wy\u017csze wynagrodzenie?\n<\/h1>\n<\/div><div class=\"bde-button-192-153 bde-button\">\n        \n    \n    \n    \n    \n            \n                    \n            \n            \n\n    \n    \n    \n    \n    \n    <a class=\"breakdance-link button-atom button-atom--custom bde-button__button\" href=\"\/jakpracowacbyniezalowac\/jak-negocjowac-wyzsze-wynagrodzenie\/\" target=\"_self\" data-type=\"url\"  >\n\n    \n        <span class=\"button-atom__text\"> <\/span>\n\n                            \n        \n                <\/a>\n\n    \n\n\n<\/div>\n<\/div><\/div><\/div>\n<\/section>","protected":false},"excerpt":{"rendered":"<p>Jak znale\u017a\u0107 dodatkowe \u017ar\u00f3d\u0142o dochodu? Wszystko, co warto wiedzie\u0107 o \u015bwiecie finans\u00f3w i zarabianiu, a czego nie ucz\u0105 w szkole i na studiach. Pos\u0142uchaj Doroty Sierakowskiej \u2013 finansistki, przedsi\u0119biorczyni i za\u0142o\u017cycielki spo\u0142eczno\u015bci Girls Money Club, kt\u00f3ra radzi, jak zarz\u0105dza\u0107 swoim bud\u017cetem, \u017ceby unikn\u0105\u0107 \u017cycia od pierwszego do pierwszego. Poprzednie wideo Jak rozplanowa\u0107 wydatki tu\u017c po [&hellip;]<\/p>\n","protected":false},"author":2,"featured_media":539,"parent":0,"menu_order":0,"comment_status":"closed","ping_status":"closed","template":"","meta":{"_breakdance_hide_in_design_set":false,"_breakdance_tags":"","footnotes":""},"class_list":["post-192","page","type-page","status-publish","has-post-thumbnail","hentry"],"_links":{"self":[{"href":"https:\/\/rocketjobs.pl\/jakpracowacbyniezalowac\/wp-json\/wp\/v2\/pages\/192","targetHints":{"allow":["GET"]}}],"collection":[{"href":"https:\/\/rocketjobs.pl\/jakpracowacbyniezalowac\/wp-json\/wp\/v2\/pages"}],"about":[{"href":"https:\/\/rocketjobs.pl\/jakpracowacbyniezalowac\/wp-json\/wp\/v2\/types\/page"}],"author":[{"embeddable":true,"href":"https:\/\/rocketjobs.pl\/jakpracowacbyniezalowac\/wp-json\/wp\/v2\/users\/2"}],"replies":[{"embeddable":true,"href":"https:\/\/rocketjobs.pl\/jakpracowacbyniezalowac\/wp-json\/wp\/v2\/comments?post=192"}],"version-history":[{"count":9,"href":"https:\/\/rocketjobs.pl\/jakpracowacbyniezalowac\/wp-json\/wp\/v2\/pages\/192\/revisions"}],"predecessor-version":[{"id":3721,"href":"https:\/\/rocketjobs.pl\/jakpracowacbyniezalowac\/wp-json\/wp\/v2\/pages\/192\/revisions\/3721"}],"wp:featuredmedia":[{"embeddable":true,"href":"https:\/\/rocketjobs.pl\/jakpracowacbyniezalowac\/wp-json\/wp\/v2\/media\/539"}],"wp:attachment":[{"href":"https:\/\/rocketjobs.pl\/jakpracowacbyniezalowac\/wp-json\/wp\/v2\/media?parent=192"}],"curies":[{"name":"wp","href":"https:\/\/api.w.org\/{rel}","templated":true}]}}