{"id":195,"date":"2023-05-04T01:20:51","date_gmt":"2023-05-03T23:20:51","guid":{"rendered":"https:\/\/jakpracowacbyniezalowac.pl\/?page_id=195"},"modified":"2023-05-24T11:29:19","modified_gmt":"2023-05-24T09:29:19","slug":"10-krokow-do-zaplanowania-madrej-sciezki-rozwoju","status":"publish","type":"page","link":"https:\/\/rocketjobs.pl\/jakpracowacbyniezalowac\/10-krokow-do-zaplanowania-madrej-sciezki-rozwoju","title":{"rendered":"10 krok\u00f3w do zaplanowania m\u0105drej \u015bcie\u017cki rozwoju zawodowego"},"content":{"rendered":"<section class=\"bde-section-195-159 bde-section\">\n  \n  \n\t\n\n\n\n<div class=\"section-container\"><div class=\"bde-fancy-container-195-160 bde-fancy-container\">\n  \n  \n\t\n\n\n\n<div class=\"bde-div-195-161 bde-div\">\n  \n  \n\t\n\n\n\n<div class=\"bde-button-195-162 bde-button\">\n        \n    \n    \n    \n    \n            \n                    \n            \n            \n\n    \n    \n    \n    \n    \n    <a class=\"breakdance-link button-atom button-atom--custom bde-button__button\" href=\"https:\/\/rocketjobs.pl\/jakpracowacbyniezalowac\/\" target=\"_self\" data-type=\"url\"  >\n\n    \n        <span class=\"button-atom__text\"> <\/span>\n\n                            \n        \n                <\/a>\n\n    \n\n\n<\/div><div class=\"bde-button-195-163 bde-button\">\n        \n    \n    \n    \n    \n            \n                    \n            \n            \n\n    \n    \n    \n    \n    \n    <a class=\"breakdance-link button-atom button-atom--custom bde-button__button\" href=\"https:\/\/rocketjobs.pl\/jakpracowacbyniezalowac\/\" target=\"_self\" data-type=\"url\"  >\n\n    \n        <span class=\"button-atom__text\"> <\/span>\n\n                            \n        \n                <\/a>\n\n    \n\n\n<\/div>\n<\/div><h1 class=\"bde-heading-195-164 bde-heading\">\n10 krok\u00f3w do zaplanowania m\u0105drej \u015bcie\u017cki rozwoju zawodowego\n<\/h1>\n<\/div><\/div>\n<\/section><section class=\"bde-section-195-118 bde-section\">\n  \n  \n\t\n\n\n\n<div class=\"section-container\"><div class=\"bde-div-195-119 bde-div\">\n  \n  \n\t\n\n\n\n<div class=\"bde-div-195-123 bde-div\">\n  \n  \n\t\n\n\n\n<div class=\"bde-text-195-121 bde-text\">\n01.\n<\/div><h1 class=\"bde-heading-195-122 bde-heading\">\nUstal cele rozwojowe\n<\/h1>\n<\/div>\n<\/div><div class=\"bde-div-195-120 bde-div\">\n  \n  \n\t\n\n\n\n<div class=\"bde-div-195-124 bde-div\">\n  \n  \n\t\n\n\n\n<div class=\"bde-text-195-125 bde-text\">\n02.\n<\/div><h1 class=\"bde-heading-195-126 bde-heading\">\nZdefiniuj kompetencje, kt\u00f3re chcesz rozwija\u0107\n<\/h1>\n<\/div>\n<\/div><div class=\"bde-div-195-127 bde-div\">\n  \n  \n\t\n\n\n\n<div class=\"bde-div-195-128 bde-div\">\n  \n  \n\t\n\n\n\n<div class=\"bde-text-195-129 bde-text\">\n03.\n<\/div><h1 class=\"bde-heading-195-130 bde-heading\">\nDobierz odpowiedni\u0105 do cel\u00f3w metod\u0119 uczenia si\u0119 (np. szkolenie, coaching, mentoringe)\n<\/h1>\n<\/div>\n<\/div><div class=\"bde-div-195-131 bde-div\">\n  \n  \n\t\n\n\n\n<div class=\"bde-div-195-132 bde-div\">\n  \n  \n\t\n\n\n\n<div class=\"bde-text-195-133 bde-text\">\n04.\n<\/div><h1 class=\"bde-heading-195-134 bde-heading\">\nZaanga\u017cuj si\u0119 w proces uczenia, b\u0105d\u017a aktywny\n<\/h1>\n<\/div>\n<\/div><div class=\"bde-div-195-135 bde-div\">\n  \n  \n\t\n\n\n\n<div class=\"bde-div-195-136 bde-div\">\n  \n  \n\t\n\n\n\n<div class=\"bde-text-195-137 bde-text\">\n05.\n<\/div><h1 class=\"bde-heading-195-138 bde-heading\">\nUcz si\u0119 metod efektywnego uczenia si\u0119 i pracuj systematycznie\n<\/h1>\n<\/div>\n<\/div><div class=\"bde-div-195-139 bde-div\">\n  \n  \n\t\n\n\n\n<div class=\"bde-div-195-140 bde-div\">\n  \n  \n\t\n\n\n\n<div class=\"bde-text-195-141 bde-text\">\n06.\n<\/div><h1 class=\"bde-heading-195-142 bde-heading\">\nOpieraj si\u0119 na wiedzy sprawdzonej naukowo\n<\/h1>\n<\/div>\n<\/div><div class=\"bde-div-195-143 bde-div\">\n  \n  \n\t\n\n\n\n<div class=\"bde-div-195-144 bde-div\">\n  \n  \n\t\n\n\n\n<div class=\"bde-text-195-145 bde-text\">\n07.\n<\/div><h1 class=\"bde-heading-195-146 bde-heading\">\nNie przyjmuj na wiar\u0119 wszystkiego, co jest napisane w poradnikach \u2013 weryfikuj \u017ar\u00f3d\u0142a\n<\/h1>\n<\/div>\n<\/div><div class=\"bde-div-195-147 bde-div\">\n  \n  \n\t\n\n\n\n<div class=\"bde-div-195-148 bde-div\">\n  \n  \n\t\n\n\n\n<div class=\"bde-text-195-149 bde-text\">\n08.\n<\/div><h1 class=\"bde-heading-195-150 bde-heading\">\nMy\u015bl krytycznie, kwestionuj i sprawdzaj autorytety\n<\/h1>\n<\/div>\n<\/div><div class=\"bde-div-195-151 bde-div\">\n  \n  \n\t\n\n\n\n<div class=\"bde-div-195-152 bde-div\">\n  \n  \n\t\n\n\n\n<div class=\"bde-text-195-153 bde-text\">\n09.\n<\/div><h1 class=\"bde-heading-195-154 bde-heading\">\nOceniaj zwrot z inwestycji w dzia\u0142ania rozwojowe\n<\/h1>\n<\/div>\n<\/div><div class=\"bde-div-195-155 bde-div\">\n  \n  \n\t\n\n\n\n<div class=\"bde-div-195-156 bde-div\">\n  \n  \n\t\n\n\n\n<div class=\"bde-text-195-157 bde-text\">\n10.\n<\/div><h1 class=\"bde-heading-195-158 bde-heading\">\nUwa\u017caj, aby nie podda\u0107 si\u0119 presji wiecznej produktywno\u015bci!\n<\/h1>\n<\/div>\n<\/div><\/div>\n<\/section>","protected":false},"excerpt":{"rendered":"<p>10 krok\u00f3w do zaplanowania m\u0105drej \u015bcie\u017cki rozwoju zawodowego 01. Ustal cele rozwojowe 02. Zdefiniuj kompetencje, kt\u00f3re chcesz rozwija\u0107 03. Dobierz odpowiedni\u0105 do cel\u00f3w metod\u0119 uczenia si\u0119 (np. szkolenie, coaching, mentoringe) 04. Zaanga\u017cuj si\u0119 w proces uczenia, b\u0105d\u017a aktywny 05. Ucz si\u0119 metod efektywnego uczenia si\u0119 i pracuj systematycznie 06. Opieraj si\u0119 na wiedzy sprawdzonej naukowo [&hellip;]<\/p>\n","protected":false},"author":2,"featured_media":539,"parent":0,"menu_order":0,"comment_status":"closed","ping_status":"closed","template":"","meta":{"_breakdance_hide_in_design_set":false,"_breakdance_tags":"","footnotes":""},"class_list":["post-195","page","type-page","status-publish","has-post-thumbnail","hentry"],"_links":{"self":[{"href":"https:\/\/rocketjobs.pl\/jakpracowacbyniezalowac\/wp-json\/wp\/v2\/pages\/195","targetHints":{"allow":["GET"]}}],"collection":[{"href":"https:\/\/rocketjobs.pl\/jakpracowacbyniezalowac\/wp-json\/wp\/v2\/pages"}],"about":[{"href":"https:\/\/rocketjobs.pl\/jakpracowacbyniezalowac\/wp-json\/wp\/v2\/types\/page"}],"author":[{"embeddable":true,"href":"https:\/\/rocketjobs.pl\/jakpracowacbyniezalowac\/wp-json\/wp\/v2\/users\/2"}],"replies":[{"embeddable":true,"href":"https:\/\/rocketjobs.pl\/jakpracowacbyniezalowac\/wp-json\/wp\/v2\/comments?post=195"}],"version-history":[{"count":11,"href":"https:\/\/rocketjobs.pl\/jakpracowacbyniezalowac\/wp-json\/wp\/v2\/pages\/195\/revisions"}],"predecessor-version":[{"id":1672,"href":"https:\/\/rocketjobs.pl\/jakpracowacbyniezalowac\/wp-json\/wp\/v2\/pages\/195\/revisions\/1672"}],"wp:featuredmedia":[{"embeddable":true,"href":"https:\/\/rocketjobs.pl\/jakpracowacbyniezalowac\/wp-json\/wp\/v2\/media\/539"}],"wp:attachment":[{"href":"https:\/\/rocketjobs.pl\/jakpracowacbyniezalowac\/wp-json\/wp\/v2\/media?parent=195"}],"curies":[{"name":"wp","href":"https:\/\/api.w.org\/{rel}","templated":true}]}}