{"id":245,"date":"2023-05-05T13:42:58","date_gmt":"2023-05-05T11:42:58","guid":{"rendered":"https:\/\/jakpracowacbyniezalowac.pl\/?page_id=245"},"modified":"2024-10-15T14:10:03","modified_gmt":"2024-10-15T12:10:03","slug":"raport","status":"publish","type":"page","link":"https:\/\/rocketjobs.pl\/jakpracowacbyniezalowac\/raport","title":{"rendered":"Pobierz bezp\u0142atny raport Jak pracowa\u0107 by nie \u017ca\u0142owa\u0107"},"content":{"rendered":"<section id=\"sectionhero\" class=\"bde-section-245-100 bde-section\">\n  \n  \n\t\n\n\n\n<div class=\"section-container\"><div class=\"bde-columns-245-101 bde-columns\"><div class=\"bde-column-245-102 bde-column\">\n  \n  \n\t\n\n\n\n<div class=\"bde-div-245-103 bde-div\">\n  \n  \n\t\n\n\n\n<div class=\"bde-div-245-109 bde-div\">\n  \n  \n\t\n\n\n\n<div class=\"bde-button-245-110 bde-button\">\n        \n    \n    \n    \n    \n            \n            <button type=\"button\" class=\"button-atom button-atom--custom bde-button__button\"  >\n    \n        <span class=\"button-atom__text\"> <\/span>\n\n                            \n        \n            <\/button>\n    \n\n\n<\/div><div class=\"bde-button-245-111 bde-button\">\n        \n    \n    \n    \n    \n            \n            <button type=\"button\" class=\"button-atom button-atom--custom bde-button__button\"  >\n    \n        <span class=\"button-atom__text\"> <\/span>\n\n                            \n        \n            <\/button>\n    \n\n\n<\/div>\n<\/div><h1 class=\"bde-heading-245-112 bde-heading\">\nPobierz bezp\u0142atny raport: Jak pracowa\u0107, by nie \u017ca\u0142owa\u0107?\n<\/h1><h1 class=\"bde-heading-245-104 bde-heading\">\nGeneracja Z i pokolenie Y o \u017calu, satysfakcji i ryzyku w pracy\n<\/h1><div class=\"bde-text-245-105 bde-text\">\nWype\u0142nij formularz i otrzymaj bezp\u0142atny egzemplarz raportu z badania.\n<\/div>\n<\/div>\n<\/div><div class=\"bde-column-245-107 bde-column\">\n  \n  \n\t\n\n\n\n<div class=\"bde-form-builder-245-113 bde-form-builder\">\n\n<form id=\"raport-field113\" class=\"breakdance-form breakdance-form--vertical\" data-options=\"{&quot;slug&quot;:&quot;custom&quot;,&quot;name&quot;:&quot;Raport field&quot;,&quot;ajaxUrl&quot;:&quot;https:\\\/\\\/rocketjobs.pl\\\/jakpracowacbyniezalowac\\\/wp-admin\\\/admin-ajax.php&quot;,&quot;clearOnSuccess&quot;:true,&quot;hideOnSuccess&quot;:false,&quot;successMessage&quot;:&quot;Uda\\u0142o si\\u0119 &quot;,&quot;errorMessage&quot;:&quot;Co\\u015b posz\\u0142o nie tak!&quot;,&quot;redirect&quot;:true,&quot;redirectUrl&quot;:&quot;https:\\\/\\\/rocketjobs.pl\\\/jakpracowacbyniezalowac\\\/raport\\\/sukces\\\/&quot;,&quot;customJavaScript&quot;:&quot;&quot;,&quot;recaptcha&quot;:{&quot;key&quot;:&quot;&quot;,&quot;enabled&quot;:false},&quot;honeypot_enabled&quot;:false,&quot;popupsOnSuccess&quot;:[],&quot;popupsOnError&quot;:[]}\" data-steps=\"0\" >\n  \n  \n  \n<div class=\"breakdance-form-field breakdance-form-field--text\" >\n    \n    \n            <label class=\"breakdance-form-field__label\" for=\"name\">\n            Wpisz swoje dane i odbierz bezp\u0142atny raport:<span class=\"breakdance-form-field__required\">*<\/span>\n        <\/label>\n    \n    <input\n    class=\"breakdance-form-field__input\"\n    id=\"name\"\n    aria-describedby=\"name\"\n    type=\"text\"\n    name=\"fields[name]\"\n    placeholder=\"Wpisz swoje imi\u0119\"\n    value=\"\"\n                \n        \n        \n    required\n    \n    \n    \n    \n    \n>\n\n\n    \n    \n<\/div>\n\n\n<div class=\"breakdance-form-field breakdance-form-field--email\" >\n    \n    \n            <label class=\"breakdance-form-field__label\" for=\"email\">\n            M\u00f3j e-mail to:<span class=\"breakdance-form-field__required\">*<\/span>\n        <\/label>\n    \n    <input\n    class=\"breakdance-form-field__input\"\n    id=\"email\"\n    aria-describedby=\"email\"\n    type=\"email\"\n    name=\"fields[email]\"\n    placeholder=\"Wpisz sw\u00f3j email\"\n    value=\"\"\n                \n        \n        \n    required\n    \n    \n    \n    \n    \n>\n\n\n    \n    \n<\/div>\n\n\n<div class=\"breakdance-form-field breakdance-form-field--select\" >\n    \n    \n            <label class=\"breakdance-form-field__label\" for=\"branza\">\n            Moja bran\u017ca to:<span class=\"breakdance-form-field__required\">*<\/span>\n        <\/label>\n    \n    <select\n    class=\"breakdance-form-field__input\"\n    id=\"branza\"\n    name=\"fields[branza]\"\n    required\n    \n        \n    \n    >\n      <option value=\"\">Wybierz<\/option>\n          <option value=\"Administracja\" >Administracja<\/option>\n        <option value=\"Analiza\" >Analiza<\/option>\n        <option value=\"Audyt\" >Audyt<\/option>\n        <option value=\"Automatyka\" >Automatyka<\/option>\n        <option value=\"Bankowo\u015b\u0107\" >Bankowo\u015b\u0107<\/option>\n        <option value=\"BI &amp; Data\" >BI & Data<\/option>\n        <option value=\"BPO\/SSC\" >BPO\/SSC<\/option>\n        <option value=\"Consulting\" >Consulting<\/option>\n        <option value=\"Content \/ Copywriting\" >Content \/ Copywriting<\/option>\n        <option value=\"Design\" >Design<\/option>\n        <option value=\"eCommerce\" >eCommerce<\/option>\n        <option value=\"Elektronika\" >Elektronika<\/option>\n        <option value=\"Employer Branding\" >Employer Branding<\/option>\n        <option value=\"Finanse\" >Finanse<\/option>\n        <option value=\"Grafika\" >Grafika<\/option>\n        <option value=\"Grafika 3D\" >Grafika 3D<\/option>\n        <option value=\"HR\" >HR<\/option>\n        <option value=\"Inne\" >Inne<\/option>\n        <option value=\"In\u017cynieria\" >In\u017cynieria<\/option>\n        <option value=\"IT\" >IT<\/option>\n        <option value=\"Kontroling\" >Kontroling<\/option>\n        <option value=\"Ksi\u0119gowo\u015b\u0107\" >Ksi\u0119gowo\u015b\u0107<\/option>\n        <option value=\"Leadership\" >Leadership<\/option>\n        <option value=\"Logistyka\" >Logistyka<\/option>\n        <option value=\"Marketing\" >Marketing<\/option>\n        <option value=\"Media\" >Media<\/option>\n        <option value=\"Motion Design\" >Motion Design<\/option>\n        <option value=\"Motoryzacja\" >Motoryzacja<\/option>\n        <option value=\"Office\" >Office<\/option>\n        <option value=\"Payroll\" >Payroll<\/option>\n        <option value=\"PM\" >PM<\/option>\n        <option value=\"Podatki\" >Podatki<\/option>\n        <option value=\"Prawo\" >Prawo<\/option>\n        <option value=\"Projektowanie\" >Projektowanie<\/option>\n        <option value=\"Public Relations\" >Public Relations<\/option>\n        <option value=\"Recruitment\" >Recruitment<\/option>\n        <option value=\"Research\" >Research<\/option>\n        <option value=\"Sales\" >Sales<\/option>\n        <option value=\"SEO\" >SEO<\/option>\n        <option value=\"Social media\" >Social media<\/option>\n        <option value=\"Spedycja\" >Spedycja<\/option>\n        <option value=\"Support\" >Support<\/option>\n        <option value=\"Technologia \/ Konstrukcje\" >Technologia \/ Konstrukcje<\/option>\n        <option value=\"UX\/UI\" >UX\/UI<\/option>\n  <\/select>\n\n\n    \n    \n<\/div>\n\n\n<div class=\"breakdance-form-field breakdance-form-field--checkbox\" >\n    \n    \n    \n    <fieldset role=\"group\"\n    >\n          <div class=\"breakdance-form-checkbox\">\n          <input\n              type=\"checkbox\"\n              name=\"fields[regulamin]\"\n              value=\"Regulamin i polityka prywatno\u015bci\"\n              id=\"regulamin-1\"\n              \n              \n                        >\n          <label class=\"breakdance-form-checkbox__text\" for=\"regulamin-1\">O\u015bwiadczam, \u017ce zapozna\u0142em\/am si\u0119 z Regulaminem Serwisu i Polityk\u0105 Prywatno\u015bci oraz akceptuj\u0119 ich tre\u015b\u0107.*<\/label>\n      <\/div>\n  <\/fieldset>\n\n\n\n    \n    \n<\/div>\n\n\n<div class=\"breakdance-form-field breakdance-form-field--checkbox\" >\n    \n    \n    \n    <fieldset role=\"group\"\n    >\n          <div class=\"breakdance-form-checkbox\">\n          <input\n              type=\"checkbox\"\n              name=\"fields[marketing]\"\n              value=\"Zgody marketingowe\"\n              id=\"marketing-1\"\n              \n              \n                        >\n          <label class=\"breakdance-form-checkbox__text\" for=\"marketing-1\">Wyra\u017cam zgod\u0119 na otrzymywanie informacji marketingowych od sp\u00f3\u0142ki Just Join IT sp. z o. o. z siedzib\u0105 w Gda\u0144sku za po\u015brednictwem poczty elektronicznej na wskazany przeze mnie w tym celu adres e-mail.<\/label>\n      <\/div>\n  <\/fieldset>\n\n\n\n    \n    \n<\/div><div class=\"breakdance-form-field breakdance-form-footer\">    \n    \n    \n    \n    \n            \n            <button type=\"submit\" class=\"button-atom button-atom--primary breakdance-form-button breakdance-form-button__submit\" id=\"submit\"  >\n    \n        <span class=\"button-atom__text\">Pobieram<\/span>\n\n        \n        \n            <\/button>\n    \n    <input type=\"hidden\" name=\"form_id\" value=\"113\">\n    <input type=\"hidden\" name=\"post_id\" value=\"245\">\n<\/div>\n\n  \n<\/form>\n\n\n<\/div>\n<\/div><\/div><\/div>\n<\/section><section class=\"bde-section-245-114 bde-section\">\n  \n  \n\t\n\n\n\n<div class=\"section-container\"><h1 class=\"bde-heading-245-115 bde-heading\">\nCo znajdziesz w\u00a0\u015brodku?\n<\/h1><div class=\"bde-div-245-164 bde-div\">\n  \n  \n\t\n\n\n\n<div class=\"bde-image-245-116 bde-image\">\n<figure class=\"breakdance-image breakdance-image--357\">\n\t<div class=\"breakdance-image-container\">\n\t\t<div class=\"breakdance-image-clip\"><img loading=\"lazy\" decoding=\"async\" class=\"breakdance-image-object\" src=\"https:\/\/rocketjobs.pl\/jakpracowacbyniezalowac\/wp-content\/uploads\/2023\/05\/2_Raport-Spis.svg\" width=\"1206\" height=\"1496\" sizes=\"auto, (max-width: 1206px) 100vw, 1206px\" alt=\"Jak pracowa\u0107, by nie \u017ca\u0142owa\u0107? Grafika o \u017calu zawodowym od RocketJobs.pl\" title=\"Jak pracowa\u0107, by nie \u017ca\u0142owa\u0107? Grafika o \u017calu zawodowym od RocketJobs.pl\"><\/div>\n\t<\/div><\/figure>\n\n<\/div>\n<\/div><\/div>\n<\/section><section class=\"bde-section-245-117 bde-section\">\n  \n  \n\t\n\n\n\n<div class=\"section-container\"><div class=\"bde-columns-245-120 bde-columns\"><div class=\"bde-column-245-121 bde-column\">\n  \n  \n\t\n\n\n\n<h1 class=\"bde-heading-245-118 bde-heading\">\nSpoiler I:\n<\/h1>\n<\/div><div class=\"bde-column-245-122 bde-column\">\n  \n  \n\t\n\n\n\n<h1 class=\"bde-heading-245-123 bde-heading\">\nCzynniki motywuj\u0105ce przy wyborze zawodu <img decoding=\"async\" src=\"\/wp-content\/uploads\/2023\/05\/Text_Rowna.svg\" width=\"50px\" height=\"auto\" style=\"margin-left: 10px; margin-right: 10px;\" alt=\"Jak pracowa\u0107, by nie \u017ca\u0142owa\u0107? Grafika o \u017calu zawodowym od RocketJobs.pl\" title=\"Jak pracowa\u0107, by nie \u017ca\u0142owa\u0107? Grafika o \u017calu zawodowym od RocketJobs.pl\"> presti\u017cowa posada lub posiadanie wp\u0142yw\u00f3w\n<\/h1><h1 class=\"bde-heading-245-124 bde-heading\">\nCo motywuje pracownik\u00f3w do wyboru konkretnej pracy?\n<\/h1>\n<\/div><\/div><div class=\"bde-div-245-163 bde-div\">\n  \n  \n\t\n\n\n\n<div class=\"bde-fancy-container-245-125 bde-fancy-container\">\n  \n  \n\t\n\n\n\n\n<\/div>\n<\/div><div class=\"bde-div-245-127 bde-div\">\n  \n  \n\t\n\n\n\n<div class=\"bde-image-245-128 bde-image legenda-stats\">\n<figure class=\"breakdance-image breakdance-image--2071\">\n\t<div class=\"breakdance-image-container\">\n\t\t<div class=\"breakdance-image-clip\"><img loading=\"lazy\" decoding=\"async\" class=\"breakdance-image-object\" src=\"https:\/\/rocketjobs.pl\/jakpracowacbyniezalowac\/wp-content\/uploads\/2023\/05\/Frame-177-1.svg\" width=\"147\" height=\"34\" sizes=\"auto, (max-width: 147px) 100vw, 147px\" alt=\"Jak pracowa\u0107, by nie \u017ca\u0142owa\u0107? Grafika o \u017calu zawodowym od RocketJobs.pl\" title=\"Jak pracowa\u0107, by nie \u017ca\u0142owa\u0107? Grafika o \u017calu zawodowym od RocketJobs.pl\"><\/div>\n\t<\/div><\/figure>\n\n<\/div><div class=\"bde-image-245-129 bde-image legenda-stats\">\n<figure class=\"breakdance-image breakdance-image--2068\">\n\t<div class=\"breakdance-image-container\">\n\t\t<div class=\"breakdance-image-clip\"><img loading=\"lazy\" decoding=\"async\" class=\"breakdance-image-object\" src=\"https:\/\/rocketjobs.pl\/jakpracowacbyniezalowac\/wp-content\/uploads\/2023\/05\/Frame-180.svg\" width=\"168\" height=\"34\" sizes=\"auto, (max-width: 168px) 100vw, 168px\" alt=\"Jak pracowa\u0107, by nie \u017ca\u0142owa\u0107? Grafika o \u017calu zawodowym od RocketJobs.pl\" title=\"Jak pracowa\u0107, by nie \u017ca\u0142owa\u0107? Grafika o \u017calu zawodowym od RocketJobs.pl\"><\/div>\n\t<\/div><\/figure>\n\n<\/div><div class=\"bde-image-245-130 bde-image legenda-stats\">\n<figure class=\"breakdance-image breakdance-image--2070\">\n\t<div class=\"breakdance-image-container\">\n\t\t<div class=\"breakdance-image-clip\"><img loading=\"lazy\" decoding=\"async\" class=\"breakdance-image-object\" src=\"https:\/\/rocketjobs.pl\/jakpracowacbyniezalowac\/wp-content\/uploads\/2023\/05\/Frame-181.svg\" width=\"182\" height=\"34\" sizes=\"auto, (max-width: 182px) 100vw, 182px\" alt=\"Jak pracowa\u0107, by nie \u017ca\u0142owa\u0107? Grafika o \u017calu zawodowym od RocketJobs.pl\" title=\"Jak pracowa\u0107, by nie \u017ca\u0142owa\u0107? Grafika o \u017calu zawodowym od RocketJobs.pl\"><\/div>\n\t<\/div><\/figure>\n\n<\/div><div class=\"bde-image-245-131 bde-image legenda-stats\">\n<figure class=\"breakdance-image breakdance-image--2069\">\n\t<div class=\"breakdance-image-container\">\n\t\t<div class=\"breakdance-image-clip\"><img loading=\"lazy\" decoding=\"async\" class=\"breakdance-image-object\" src=\"https:\/\/rocketjobs.pl\/jakpracowacbyniezalowac\/wp-content\/uploads\/2023\/05\/Frame-183.svg\" width=\"218\" height=\"34\" sizes=\"auto, (max-width: 218px) 100vw, 218px\" alt=\"Jak pracowa\u0107, by nie \u017ca\u0142owa\u0107? Grafika o \u017calu zawodowym od RocketJobs.pl\" title=\"Jak pracowa\u0107, by nie \u017ca\u0142owa\u0107? Grafika o \u017calu zawodowym od RocketJobs.pl\"><\/div>\n\t<\/div><\/figure>\n\n<\/div><div class=\"bde-image-245-132 bde-image legenda-stats\">\n<figure class=\"breakdance-image breakdance-image--2067\">\n\t<div class=\"breakdance-image-container\">\n\t\t<div class=\"breakdance-image-clip\"><img loading=\"lazy\" decoding=\"async\" class=\"breakdance-image-object\" src=\"https:\/\/rocketjobs.pl\/jakpracowacbyniezalowac\/wp-content\/uploads\/2023\/05\/Frame-182.svg\" width=\"174\" height=\"34\" sizes=\"auto, (max-width: 174px) 100vw, 174px\" alt=\"Jak pracowa\u0107, by nie \u017ca\u0142owa\u0107? Grafika o \u017calu zawodowym od RocketJobs.pl\" title=\"Jak pracowa\u0107, by nie \u017ca\u0142owa\u0107? Grafika o \u017calu zawodowym od RocketJobs.pl\"><\/div>\n\t<\/div><\/figure>\n\n<\/div>\n<\/div><\/div>\n<\/section><section class=\"bde-section-245-133 bde-section\">\n  \n  \n\t\n\n\n\n<div class=\"section-container\"><div class=\"bde-columns-245-134 bde-columns\"><div class=\"bde-column-245-135 bde-column\">\n  \n  \n\t\n\n\n\n<h1 class=\"bde-heading-245-136 bde-heading\">\nSpoiler II:\n<\/h1>\n<\/div><div class=\"bde-column-245-137 bde-column\">\n  \n  \n\t\n\n\n\n<h1 class=\"bde-heading-245-138 bde-heading\">\nNierozpocz\u0119cia pracy zawodowej wcze\u015bniej = TOP1 \u017cal\u00f3w zawodowy polskich white collars\u00f3w\n<\/h1><h1 class=\"bde-heading-245-139 bde-heading\">\nPrawie co 3 pracownik biurowy \u017ca\u0142uje, \u017ce nie rozpocz\u0105\u0142 pracy w zawodzie ju\u017c w czasie studi\u00f3w lub w szkole.\n<\/h1>\n<\/div><\/div><div class=\"bde-fancy-container-245-140 bde-fancy-container\">\n  \n  \n\t\n\n\n\n\n<\/div><\/div>\n<\/section><section class=\"bde-section-245-147 bde-section\">\n  \n  \n\t\n\n\n\n<div class=\"section-container\"><div class=\"bde-columns-245-148 bde-columns\"><div class=\"bde-column-245-149 bde-column\">\n  \n  \n\t\n\n\n\n<h1 class=\"bde-heading-245-150 bde-heading\">\nPobierz ca\u0142y raport\n<\/h1>\n<\/div><div class=\"bde-column-245-151 bde-column\">\n  \n  \n\t\n\n\n\n<a class=\"bde-container-link-245-161 bde-container-link breakdance-link\" href=\"#sectionhero\" target=\"_self\" data-type=\"url\">\n  \n  \n\t\n\n\n\n<div class=\"bde-fancy-container-245-162 bde-fancy-container\">\n  \n  \n\t\n\n\n\n\n<\/div>\n\n<\/a>\n<\/div><\/div><\/div>\n<\/section>","protected":false},"excerpt":{"rendered":"<p>Pobierz bezp\u0142atny raport: Jak pracowa\u0107, by nie \u017ca\u0142owa\u0107? Generacja Z i pokolenie Y o \u017calu, satysfakcji i ryzyku w pracy Wype\u0142nij formularz i otrzymaj bezp\u0142atny egzemplarz raportu z badania. Wpisz swoje dane i odbierz bezp\u0142atny raport:* M\u00f3j e-mail to:* Moja bran\u017ca to:* Wybierz Administracja Analiza Audyt Automatyka Bankowo\u015b\u0107 BI &#038; Data BPO\/SSC Consulting Content \/ [&hellip;]<\/p>\n","protected":false},"author":2,"featured_media":541,"parent":0,"menu_order":0,"comment_status":"closed","ping_status":"closed","template":"","meta":{"_breakdance_hide_in_design_set":false,"_breakdance_tags":"","footnotes":""},"class_list":["post-245","page","type-page","status-publish","has-post-thumbnail","hentry"],"_links":{"self":[{"href":"https:\/\/rocketjobs.pl\/jakpracowacbyniezalowac\/wp-json\/wp\/v2\/pages\/245","targetHints":{"allow":["GET"]}}],"collection":[{"href":"https:\/\/rocketjobs.pl\/jakpracowacbyniezalowac\/wp-json\/wp\/v2\/pages"}],"about":[{"href":"https:\/\/rocketjobs.pl\/jakpracowacbyniezalowac\/wp-json\/wp\/v2\/types\/page"}],"author":[{"embeddable":true,"href":"https:\/\/rocketjobs.pl\/jakpracowacbyniezalowac\/wp-json\/wp\/v2\/users\/2"}],"replies":[{"embeddable":true,"href":"https:\/\/rocketjobs.pl\/jakpracowacbyniezalowac\/wp-json\/wp\/v2\/comments?post=245"}],"version-history":[{"count":61,"href":"https:\/\/rocketjobs.pl\/jakpracowacbyniezalowac\/wp-json\/wp\/v2\/pages\/245\/revisions"}],"predecessor-version":[{"id":3858,"href":"https:\/\/rocketjobs.pl\/jakpracowacbyniezalowac\/wp-json\/wp\/v2\/pages\/245\/revisions\/3858"}],"wp:featuredmedia":[{"embeddable":true,"href":"https:\/\/rocketjobs.pl\/jakpracowacbyniezalowac\/wp-json\/wp\/v2\/media\/541"}],"wp:attachment":[{"href":"https:\/\/rocketjobs.pl\/jakpracowacbyniezalowac\/wp-json\/wp\/v2\/media?parent=245"}],"curies":[{"name":"wp","href":"https:\/\/api.w.org\/{rel}","templated":true}]}}