{"id":751,"date":"2023-05-12T03:03:37","date_gmt":"2023-05-12T01:03:37","guid":{"rendered":"https:\/\/jakpracowacbyniezalowac.pl\/?page_id=751"},"modified":"2024-08-12T15:32:31","modified_gmt":"2024-08-12T13:32:31","slug":"5-typowych-bledow-przy-wyborze-kariery","status":"publish","type":"page","link":"https:\/\/rocketjobs.pl\/jakpracowacbyniezalowac\/5-typowych-bledow-przy-wyborze-kariery","title":{"rendered":"5 typowych b\u0142\u0119d\u00f3w przy wyborze kariery"},"content":{"rendered":"<section class=\"bde-section-751-100 bde-section\">\n  \n  \n\t\n\n\n\n<div class=\"section-container\"><div class=\"bde-fancy-container-751-101 bde-fancy-container\">\n  \n  \n\t\n\n\n\n<div class=\"bde-div-751-102 bde-div\">\n  \n  \n\t\n\n\n\n<div class=\"bde-button-751-103 bde-button\">\n        \n    \n    \n    \n    \n            \n            <button type=\"button\" class=\"button-atom button-atom--custom bde-button__button\"  >\n    \n        <span class=\"button-atom__text\"> <\/span>\n\n                            \n        \n            <\/button>\n    \n\n\n<\/div><div class=\"bde-button-751-104 bde-button\">\n        \n    \n    \n    \n    \n            \n            <button type=\"button\" class=\"button-atom button-atom--custom bde-button__button\"  >\n    \n        <span class=\"button-atom__text\"> <\/span>\n\n                            \n        \n            <\/button>\n    \n\n\n<\/div>\n<\/div><h1 class=\"bde-heading-751-105 bde-heading\">\n5 typowych b\u0142\u0119d\u00f3w przy wyborze kariery\n<\/h1>\n<\/div><\/div>\n<\/section><section class=\"bde-section-751-106 bde-section\">\n  \n  \n\t\n\n\n\n<div class=\"section-container\"><div class=\"bde-columns-751-107 bde-columns\"><div class=\"bde-column-751-108 bde-column\">\n  \n  \n\t\n\n\n\n<h3 class=\"bde-heading-751-109 bde-heading\">\n01.\n<\/h3>\n<\/div><div class=\"bde-column-751-110 bde-column\">\n  \n  \n\t\n\n\n\n<h2 class=\"bde-heading-751-111 bde-heading\">\nIgnorowanie sygna\u0142\u00f3w z rynku\n<\/h2><div class=\"bde-rich-text-751-112 bde-rich-text breakdance-rich-text-styles\">\n<p>Rozw\u00f3j gospodarczy i cyfryzacja proces\u00f3w sprawiaj\u0105, \u017ce podczas gdy jedne zawody pojawiaj\u0105 si\u0119 na rynku, inne odchodz\u0105 w zapomnienie. Przyk\u0142ad? Praca telemarketera ma szans\u0119 na zautomatyzowanie jej w 99% \u2013 w zasadzie ju\u017c teraz tylko nieliczne telefony wykonywane s\u0105 przez ludzi. Bardzo niewiele \u015bcie\u017cek kariery ma szans\u0119 wygra\u0107 ze starciem z nowymi technologiami, dlatego ju\u017c na etapie wyboru przysz\u0142ego zawodu warto sprawdzi\u0107, czy bran\u017ca, w kt\u00f3rej chcemy dzia\u0142a\u0107, przetrwa za kolejne 20 lat.<\/p>\n<\/div>\n<\/div><\/div><div class=\"bde-fancy-divider-751-113 bde-fancy-divider\">\n\n\n<div class=\"bde-fancy-divider__wrapper\">\n  <div class=\"bde-fancy-divider__separator   \">\n  \t  <\/div>\n<\/div>\n\n<\/div><div class=\"bde-columns-751-114 bde-columns\"><div class=\"bde-column-751-115 bde-column\">\n  \n  \n\t\n\n\n\n<h3 class=\"bde-heading-751-116 bde-heading\">\n02.\n<\/h3>\n<\/div><div class=\"bde-column-751-117 bde-column\">\n  \n  \n\t\n\n\n\n<h2 class=\"bde-heading-751-118 bde-heading\">\nStawianie zarobk\u00f3w ponad wszystko\n<\/h2><div class=\"bde-rich-text-751-119 bde-rich-text breakdance-rich-text-styles\">\n<p>Podczas gdy dobre zarobki i poczucie bezpiecze\u0144stwa, kt\u00f3re za sob\u0105 ci\u0105gn\u0105, s\u0105 wa\u017cnym czynnikiem determinuj\u0105cymi wyb\u00f3r \u015bcie\u017cki zawodowej, to zdecydowanie nie powinny by\u0107 jedynym aspektem, na kt\u00f3rym si\u0119 skupiamy. Podj\u0119cie pracy dla pieni\u0119dzy cz\u0119sto prowadzi do wypalenia zawodowego i frustracji. Z\u0142otym \u015brodkiem jest znalezienie r\u00f3wnowagi mi\u0119dzy przyzwoitym wynagrodzeniem, a satysfakcjonuj\u0105cym zawodem, w kt\u00f3rym mo\u017cesz si\u0119 rozwija\u0107 i \u2013 co za tym idzie \u2013 by\u0107 za to odpowiednio gratyfikowany(-a) finansowo.<\/p>\n<\/div>\n<\/div><\/div><div class=\"bde-fancy-divider-751-120 bde-fancy-divider\">\n\n\n<div class=\"bde-fancy-divider__wrapper\">\n  <div class=\"bde-fancy-divider__separator   \">\n  \t  <\/div>\n<\/div>\n\n<\/div><div class=\"bde-columns-751-121 bde-columns\"><div class=\"bde-column-751-122 bde-column\">\n  \n  \n\t\n\n\n\n<h3 class=\"bde-heading-751-123 bde-heading\">\n03.\n<\/h3>\n<\/div><div class=\"bde-column-751-124 bde-column\">\n  \n  \n\t\n\n\n\n<h2 class=\"bde-heading-751-125 bde-heading\">\nWyb\u00f3r zawodu bez perspektywy awansu\n<\/h2><div class=\"bde-rich-text-751-126 bde-rich-text breakdance-rich-text-styles\">\n<p>Wspinanie si\u0119 coraz wy\u017cej i wy\u017cej po szczeblach kariery zwykle kojarzy si\u0119 z nieprzyjemnym korpo-\u015bwiatkiem. Je\u015bli jednak popatrzymy na to jak na mo\u017cliwo\u015b\u0107 podnoszenia swoich kwalifikacji i rozwijania kompetencji, to taka wizja mo\u017ce si\u0119 wyda\u0107 ca\u0142kiem rozs\u0105dna. Awans \u015bwiadczy o efektywno\u015bci na danym stanowisku i otwiera nowe mo\u017cliwo\u015bci zawodowe. Przed wyborem konkretnej bran\u017cy zastan\u00f3w si\u0119, czy Twoje przysz\u0142e miejsce pracy faktycznie zagwarantuje Ci \u015bcie\u017ck\u0119 promocji? A je\u015bli nie, to czy p\u0142aska struktura firmy nie b\u0119dzie stanowi\u0142a dla Ciebie problemu?<\/p>\n<\/div>\n<\/div><\/div><div class=\"bde-fancy-divider-751-127 bde-fancy-divider\">\n\n\n<div class=\"bde-fancy-divider__wrapper\">\n  <div class=\"bde-fancy-divider__separator   \">\n  \t  <\/div>\n<\/div>\n\n<\/div><div class=\"bde-columns-751-128 bde-columns\"><div class=\"bde-column-751-129 bde-column\">\n  \n  \n\t\n\n\n\n<h3 class=\"bde-heading-751-130 bde-heading\">\n04.\n<\/h3>\n<\/div><div class=\"bde-column-751-131 bde-column\">\n  \n  \n\t\n\n\n\n<h2 class=\"bde-heading-751-132 bde-heading\">\nRealizowanie niespe\u0142nionych marze\u0144 swoich rodzic\u00f3w\n<\/h2><div class=\"bde-rich-text-751-133 bde-rich-text breakdance-rich-text-styles\">\n<p>Presja wynikaj\u0105ca z podtrzymania tradycji rodzinnego biznesu cz\u0119sto wymusza na m\u0142odych osobach wyb\u00f3r takiej drogi zawodowej, jak ich rodzice i krewni. Zanim zdecydujesz si\u0119 p\u00f3j\u015b\u0107 w \u015blady swojej mamy lub taty zadaj sobie pytanie, czy naprawd\u0119 chcesz to robi\u0107? Czy jest to co\u015b, co Ci\u0119 uszcz\u0119\u015bliwi? Czy mo\u017ce to po prostu pr\u00f3ba uszcz\u0119\u015bliwienia Twoich bliskich? Pami\u0119taj, \u017ce ostatecznie to, jak b\u0119dzie wygl\u0105da\u0142a Twoja przysz\u0142o\u015b\u0107, zale\u017cy od Ciebie. Zamiast pod\u0105\u017ca\u0107 za pasjami rodzic\u00f3w, postaw na swoje.<\/p>\n<\/div>\n<\/div><\/div><div class=\"bde-fancy-divider-751-134 bde-fancy-divider\">\n\n\n<div class=\"bde-fancy-divider__wrapper\">\n  <div class=\"bde-fancy-divider__separator   \">\n  \t  <\/div>\n<\/div>\n\n<\/div><div class=\"bde-columns-751-135 bde-columns\"><div class=\"bde-column-751-136 bde-column\">\n  \n  \n\t\n\n\n\n<h3 class=\"bde-heading-751-137 bde-heading\">\n05.\n<\/h3>\n<\/div><div class=\"bde-column-751-138 bde-column\">\n  \n  \n\t\n\n\n\n<h2 class=\"bde-heading-751-139 bde-heading\">\nBrak planu B\n<\/h2><div class=\"bde-rich-text-751-140 bde-rich-text breakdance-rich-text-styles\">\n<p>Nie ma nic z\u0142ego w obraniu sobie jednego, konkretnego celu zawodowego i d\u0105\u017ceniu do jego realizacji. Takie postawienie wszystkiego na jedn\u0105 kart\u0119 bywa jednak ryzykowne. Sytuacja na rynku pracy mo\u017ce ulec zmianie, a Twoje plany \u2013 nie powie\u015b\u0107 si\u0119. W takiej sytuacji warto mie\u0107 przygotowany plan B. Postaw na nauk\u0119 dodatkowych umiej\u0119tno\u015bci, zdobycie nowych kwalifikacji lub rozwijanie hobby, kt\u00f3re w przysz\u0142o\u015bci przynios\u0105 Ci namacalne korzy\u015bci.<\/p>\n<\/div>\n<\/div><\/div><\/div>\n<\/section>","protected":false},"excerpt":{"rendered":"<p>5 typowych b\u0142\u0119d\u00f3w przy wyborze kariery 01. Ignorowanie sygna\u0142\u00f3w z rynku Rozw\u00f3j gospodarczy i cyfryzacja proces\u00f3w sprawiaj\u0105, \u017ce podczas gdy jedne zawody pojawiaj\u0105 si\u0119 na rynku, inne odchodz\u0105 w zapomnienie. Przyk\u0142ad? Praca telemarketera ma szans\u0119 na zautomatyzowanie jej w 99% \u2013 w zasadzie ju\u017c teraz tylko nieliczne telefony wykonywane s\u0105 przez ludzi. Bardzo niewiele \u015bcie\u017cek [&hellip;]<\/p>\n","protected":false},"author":2,"featured_media":539,"parent":0,"menu_order":0,"comment_status":"closed","ping_status":"closed","template":"","meta":{"_breakdance_hide_in_design_set":false,"_breakdance_tags":"","footnotes":""},"class_list":["post-751","page","type-page","status-publish","has-post-thumbnail","hentry"],"_links":{"self":[{"href":"https:\/\/rocketjobs.pl\/jakpracowacbyniezalowac\/wp-json\/wp\/v2\/pages\/751","targetHints":{"allow":["GET"]}}],"collection":[{"href":"https:\/\/rocketjobs.pl\/jakpracowacbyniezalowac\/wp-json\/wp\/v2\/pages"}],"about":[{"href":"https:\/\/rocketjobs.pl\/jakpracowacbyniezalowac\/wp-json\/wp\/v2\/types\/page"}],"author":[{"embeddable":true,"href":"https:\/\/rocketjobs.pl\/jakpracowacbyniezalowac\/wp-json\/wp\/v2\/users\/2"}],"replies":[{"embeddable":true,"href":"https:\/\/rocketjobs.pl\/jakpracowacbyniezalowac\/wp-json\/wp\/v2\/comments?post=751"}],"version-history":[{"count":4,"href":"https:\/\/rocketjobs.pl\/jakpracowacbyniezalowac\/wp-json\/wp\/v2\/pages\/751\/revisions"}],"predecessor-version":[{"id":3522,"href":"https:\/\/rocketjobs.pl\/jakpracowacbyniezalowac\/wp-json\/wp\/v2\/pages\/751\/revisions\/3522"}],"wp:featuredmedia":[{"embeddable":true,"href":"https:\/\/rocketjobs.pl\/jakpracowacbyniezalowac\/wp-json\/wp\/v2\/media\/539"}],"wp:attachment":[{"href":"https:\/\/rocketjobs.pl\/jakpracowacbyniezalowac\/wp-json\/wp\/v2\/media?parent=751"}],"curies":[{"name":"wp","href":"https:\/\/api.w.org\/{rel}","templated":true}]}}