{"id":757,"date":"2023-05-12T03:12:56","date_gmt":"2023-05-12T01:12:56","guid":{"rendered":"https:\/\/jakpracowacbyniezalowac.pl\/?page_id=757"},"modified":"2024-08-12T15:45:18","modified_gmt":"2024-08-12T13:45:18","slug":"5-najlepiej-platnych-zawodow-2022-2023","status":"publish","type":"page","link":"https:\/\/rocketjobs.pl\/jakpracowacbyniezalowac\/5-najlepiej-platnych-zawodow-2022-2023","title":{"rendered":"5 najlepiej p\u0142atnych zawod\u00f3w 2022\/2023"},"content":{"rendered":"<section class=\"bde-section-757-100 bde-section\">\n  \n  \n\t\n\n\n\n<div class=\"section-container\"><div class=\"bde-fancy-container-757-101 bde-fancy-container\">\n  \n  \n\t\n\n\n\n<div class=\"bde-div-757-102 bde-div\">\n  \n  \n\t\n\n\n\n<div class=\"bde-button-757-103 bde-button\">\n        \n    \n    \n    \n    \n            \n            <button type=\"button\" class=\"button-atom button-atom--custom bde-button__button\"  >\n    \n        <span class=\"button-atom__text\"> <\/span>\n\n                            \n        \n            <\/button>\n    \n\n\n<\/div><div class=\"bde-button-757-104 bde-button\">\n        \n    \n    \n    \n    \n            \n            <button type=\"button\" class=\"button-atom button-atom--custom bde-button__button\"  >\n    \n        <span class=\"button-atom__text\"> <\/span>\n\n                            \n        \n            <\/button>\n    \n\n\n<\/div>\n<\/div><h1 class=\"bde-heading-757-105 bde-heading\">\n5 najlepiej p\u0142atnych zawod\u00f3w 2022\/2023\n<\/h1>\n<\/div><\/div>\n<\/section><section class=\"bde-section-757-106 bde-section\">\n  \n  \n\t\n\n\n\n<div class=\"section-container\"><h4 class=\"bde-heading-757-141 bde-heading\">\nDane z rankingu GUS 2022\n<\/h4><div class=\"bde-columns-757-107 bde-columns\"><div class=\"bde-column-757-108 bde-column\">\n  \n  \n\t\n\n\n\n<h5 class=\"bde-heading-757-109 bde-heading\">\n01.\n<\/h5>\n<\/div><div class=\"bde-column-757-110 bde-column\">\n  \n  \n\t\n\n\n\n<h2 class=\"bde-heading-757-111 bde-heading\">\nKierownik ds. finans\u00f3w\n<\/h2><h3 class=\"bde-heading-757-142 bde-heading\">\nMediana: 18 000 z\u0142 miesi\u0119cznie\n<\/h3><div class=\"bde-rich-text-757-112 bde-rich-text breakdance-rich-text-styles\">\n<p>*GUS ustali\u0142 na podstawie danych z ostatnich dw\u00f3ch lat (2020-2022), \u017ce najni\u017csze zarobki w tym zawodzie to ok. 14 tysi\u0119cy z\u0142otych.<\/p><p>Specjali\u015bci, kt\u00f3rzy potrafi\u0105 \u0142\u0105czy\u0107 wiedz\u0119 z zakresu finans\u00f3w z umiej\u0119tno\u015bciami programowania, zarabiaj\u0105 nawet o 20 proc. wi\u0119cej od pracownik\u00f3w posiadaj\u0105cych jedynie podstawowe umiej\u0119tno\u015bci w tej dziedzinie. Zadania kierownika ds. finans\u00f3w opieraj\u0105 si\u0119 na kontroli aspekt\u00f3w finansowych firmy, dlatego cz\u0119sto w profilu tego stanowiska uwzgl\u0119dnia si\u0119 uprawnienia ksi\u0119gowego.<\/p>\n<\/div>\n<\/div><\/div><div class=\"bde-fancy-divider-757-113 bde-fancy-divider\">\n\n\n<div class=\"bde-fancy-divider__wrapper\">\n  <div class=\"bde-fancy-divider__separator   \">\n  \t  <\/div>\n<\/div>\n\n<\/div><div class=\"bde-columns-757-114 bde-columns\"><div class=\"bde-column-757-115 bde-column\">\n  \n  \n\t\n\n\n\n<h5 class=\"bde-heading-757-116 bde-heading\">\n02.\n<\/h5>\n<\/div><div class=\"bde-column-757-117 bde-column\">\n  \n  \n\t\n\n\n\n<h2 class=\"bde-heading-757-143 bde-heading\">\nAdwokat\n<\/h2><h3 class=\"bde-heading-757-144 bde-heading\">\nMediana: 12 000 z\u0142 miesi\u0119cznie\n<\/h3><div class=\"bde-rich-text-757-119 bde-rich-text breakdance-rich-text-styles\">\n<p>*wed\u0142ug GUS, z powodu pandemii zarobki adwokat\u00f3w spad\u0142y nawet o 15 proc. Zarobki w tym zawodzie mog\u0105 si\u0119ga\u0107 nawet 25 000 z\u0142.<\/p>\n<\/div>\n<\/div><\/div><div class=\"bde-fancy-divider-757-120 bde-fancy-divider\">\n\n\n<div class=\"bde-fancy-divider__wrapper\">\n  <div class=\"bde-fancy-divider__separator   \">\n  \t  <\/div>\n<\/div>\n\n<\/div><div class=\"bde-columns-757-121 bde-columns\"><div class=\"bde-column-757-122 bde-column\">\n  \n  \n\t\n\n\n\n<h5 class=\"bde-heading-757-123 bde-heading\">\n03.\n<\/h5>\n<\/div><div class=\"bde-column-757-124 bde-column\">\n  \n  \n\t\n\n\n\n<h2 class=\"bde-heading-757-145 bde-heading\">\nProgramista\n<\/h2><h3 class=\"bde-heading-757-146 bde-heading\">\nMediana: 8000 z\u0142 miesi\u0119cznie\n<\/h3><div class=\"bde-rich-text-757-126 bde-rich-text breakdance-rich-text-styles\">\n<p>*Zarobki programist\u00f3w osi\u0105gaj\u0105 pu\u0142ap nawet 20 000 z\u0142 w przypadku senior\u00f3w, a je\u015bli chodzi o junior\u00f3w \u2014 wynosz\u0105 ok. 7 500 z\u0142.<\/p>\n<\/div>\n<\/div><\/div><div class=\"bde-fancy-divider-757-127 bde-fancy-divider\">\n\n\n<div class=\"bde-fancy-divider__wrapper\">\n  <div class=\"bde-fancy-divider__separator   \">\n  \t  <\/div>\n<\/div>\n\n<\/div><div class=\"bde-columns-757-128 bde-columns\"><div class=\"bde-column-757-129 bde-column\">\n  \n  \n\t\n\n\n\n<h5 class=\"bde-heading-757-130 bde-heading\">\n04.\n<\/h5>\n<\/div><div class=\"bde-column-757-131 bde-column\">\n  \n  \n\t\n\n\n\n<h2 class=\"bde-heading-757-147 bde-heading\">\nIn\u017cynier ds. optymalizacji procesu\n<\/h2><h3 class=\"bde-heading-757-148 bde-heading\">\nMediana: 7000 z\u0142otych miesi\u0119cznie\n<\/h3><div class=\"bde-rich-text-757-133 bde-rich-text breakdance-rich-text-styles\">\n<p>Presja wynikaj\u0105ca z podtrzymania tradycji rodzinnego biznesu cz\u0119sto wymusza na m\u0142odych osobach wyb\u00f3r takiej drogi zawodowej, jak ich rodzice i krewni. Zanim zdecydujesz si\u0119 p\u00f3j\u015b\u0107 w \u015blady swojej mamy lub taty zadaj sobie pytanie, czy naprawd\u0119 chcesz to robi\u0107? Czy jest to co\u015b, co Ci\u0119 uszcz\u0119\u015bliwi? Czy mo\u017ce to po prostu pr\u00f3ba uszcz\u0119\u015bliwienia Twoich bliskich? Pami\u0119taj, \u017ce ostatecznie to, jak b\u0119dzie wygl\u0105da\u0142a Twoja przysz\u0142o\u015b\u0107, zale\u017cy od Ciebie. Zamiast pod\u0105\u017ca\u0107 za pasjami rodzic\u00f3w, postaw na swoje.<\/p>\n<\/div>\n<\/div><\/div><div class=\"bde-fancy-divider-757-134 bde-fancy-divider\">\n\n\n<div class=\"bde-fancy-divider__wrapper\">\n  <div class=\"bde-fancy-divider__separator   \">\n  \t  <\/div>\n<\/div>\n\n<\/div><div class=\"bde-columns-757-135 bde-columns\"><div class=\"bde-column-757-136 bde-column\">\n  \n  \n\t\n\n\n\n<h5 class=\"bde-heading-757-137 bde-heading\">\n05.\n<\/h5>\n<\/div><div class=\"bde-column-757-138 bde-column\">\n  \n  \n\t\n\n\n\n<h2 class=\"bde-heading-757-149 bde-heading\">\nKey Account Manager\n<\/h2><h3 class=\"bde-heading-757-150 bde-heading\">\nMediana: 9000 z\u0142otych miesi\u0119cznie\n<\/h3><div class=\"bde-rich-text-757-140 bde-rich-text breakdance-rich-text-styles\">\n<p>Nie ma nic z\u0142ego w obraniu sobie jednego, konkretnego celu zawodowego i d\u0105\u017ceniu do jego realizacji. Takie postawienie wszystkiego na jedn\u0105 kart\u0119 bywa jednak ryzykowne. Sytuacja na rynku pracy mo\u017ce ulec zmianie, a Twoje plany \u2013 nie powie\u015b\u0107 si\u0119. W takiej sytuacji warto mie\u0107 przygotowany plan B. Postaw na nauk\u0119 dodatkowych umiej\u0119tno\u015bci, zdobycie nowych kwalifikacji lub rozwijanie hobby, kt\u00f3re w przysz\u0142o\u015bci przynios\u0105 Ci namacalne korzy\u015bci.<\/p>\n<\/div>\n<\/div><\/div><div class=\"bde-fancy-divider-757-151 bde-fancy-divider\">\n\n\n<div class=\"bde-fancy-divider__wrapper\">\n  <div class=\"bde-fancy-divider__separator   \">\n  \t  <\/div>\n<\/div>\n\n<\/div><div class=\"bde-columns-757-152 bde-columns\"><div class=\"bde-column-757-153 bde-column\">\n  \n  \n\t\n\n\n\n<h3 class=\"bde-heading-757-154 bde-heading\">\nJakie s\u0105 najlepiej p\u0142atne zawody na \u015bwiecie?\n<\/h3>\n<\/div><div class=\"bde-column-757-155 bde-column\">\n  \n  \n\t\n\n\n\n<div class=\"bde-rich-text-757-158 bde-rich-text breakdance-rich-text-styles\">\n<p>Zarobki na \u015bwiecie r\u00f3\u017cni\u0105 si\u0119 od siebie w zale\u017cno\u015bci od kraju i wynikaj\u0105 m.in. z tego, na jakim etapie rozwoju gospodarczego jest dane pa\u0144stwo. W przypadku Stan\u00f3w Zjednoczonych niezwykle poszukiwani s\u0105 in\u017cynierowie - zw\u0142aszcza chemiczni, naftowi czy elektroniczny. Ich zarobki to nawet 100 000 $. Na Bliskim Wschodzie poszukiwani s\u0105 zarz\u0105dcy budow\u0105, <a target=\"_blank\" href=\"https:\/\/www.uwe.edu.pl\/pl\/blog\/kariera-programisty-czy-mozna-ja-zaplanowac\" rel=\"noopener\">programi\u015bci komputerowi<\/a> oraz mened\u017cerowie IT. \u015arednia pensja miesi\u0119czna na tych stanowiskach np. w Dubaju to 24 500 AED (ok. 28 000 z\u0142)<\/p><p>Na \u015bwiecie jest tak\u017ce du\u017ce zapotrzebowanie m.in. na chirurg\u00f3w (\u015brednia miesi\u0119czna stawka to ok. 150 000 z\u0142), senior data scientists, senior software manager\u00f3w, kontroler\u00f3w ruchu lotniczego czy mened\u017cer\u00f3w system\u00f3w IT.<\/p>\n<\/div>\n<\/div><\/div><\/div>\n<\/section>","protected":false},"excerpt":{"rendered":"<p>5 najlepiej p\u0142atnych zawod\u00f3w 2022\/2023 Dane z rankingu GUS 2022 01. Kierownik ds. finans\u00f3w Mediana: 18 000 z\u0142 miesi\u0119cznie *GUS ustali\u0142 na podstawie danych z ostatnich dw\u00f3ch lat (2020-2022), \u017ce najni\u017csze zarobki w tym zawodzie to ok. 14 tysi\u0119cy z\u0142otych.Specjali\u015bci, kt\u00f3rzy potrafi\u0105 \u0142\u0105czy\u0107 wiedz\u0119 z zakresu finans\u00f3w z umiej\u0119tno\u015bciami programowania, zarabiaj\u0105 nawet o 20 proc. [&hellip;]<\/p>\n","protected":false},"author":2,"featured_media":539,"parent":0,"menu_order":0,"comment_status":"closed","ping_status":"closed","template":"","meta":{"_breakdance_hide_in_design_set":false,"_breakdance_tags":"","footnotes":""},"class_list":["post-757","page","type-page","status-publish","has-post-thumbnail","hentry"],"_links":{"self":[{"href":"https:\/\/rocketjobs.pl\/jakpracowacbyniezalowac\/wp-json\/wp\/v2\/pages\/757","targetHints":{"allow":["GET"]}}],"collection":[{"href":"https:\/\/rocketjobs.pl\/jakpracowacbyniezalowac\/wp-json\/wp\/v2\/pages"}],"about":[{"href":"https:\/\/rocketjobs.pl\/jakpracowacbyniezalowac\/wp-json\/wp\/v2\/types\/page"}],"author":[{"embeddable":true,"href":"https:\/\/rocketjobs.pl\/jakpracowacbyniezalowac\/wp-json\/wp\/v2\/users\/2"}],"replies":[{"embeddable":true,"href":"https:\/\/rocketjobs.pl\/jakpracowacbyniezalowac\/wp-json\/wp\/v2\/comments?post=757"}],"version-history":[{"count":6,"href":"https:\/\/rocketjobs.pl\/jakpracowacbyniezalowac\/wp-json\/wp\/v2\/pages\/757\/revisions"}],"predecessor-version":[{"id":3525,"href":"https:\/\/rocketjobs.pl\/jakpracowacbyniezalowac\/wp-json\/wp\/v2\/pages\/757\/revisions\/3525"}],"wp:featuredmedia":[{"embeddable":true,"href":"https:\/\/rocketjobs.pl\/jakpracowacbyniezalowac\/wp-json\/wp\/v2\/media\/539"}],"wp:attachment":[{"href":"https:\/\/rocketjobs.pl\/jakpracowacbyniezalowac\/wp-json\/wp\/v2\/media?parent=757"}],"curies":[{"name":"wp","href":"https:\/\/api.w.org\/{rel}","templated":true}]}}